{"id":29119,"date":"2019-12-03T01:50:52","date_gmt":"2019-12-02T23:50:52","guid":{"rendered":"http:\/\/www.evanjelik.sk\/?page_id=29119"},"modified":"2020-03-31T10:25:28","modified_gmt":"2020-03-31T08:25:28","slug":"spoznaj-evanjelikov-vo-svojom-okoli","status":"publish","type":"page","link":"https:\/\/www.e-anjelik.sk\/index.php\/spoznaj-evanjelikov-vo-svojom-okoli\/","title":{"rendered":"N\u00e1jdi evanjelikov vo svojom okol\u00ed"},"content":{"rendered":"<p><a href=\"http:\/\/www.gpsnose.com\/WebSiteConnector\/Connect?tag=evanjelik.sk&amp;lang=sk\"><img decoding=\"async\" src=\"http:\/\/e-anjelik.sk\/wp-content\/uploads\/2015\/09\/gn-sl-logo-small-e1442572553870.png\" alt=\"logogpsnose\" align=\"right\" \/><\/a><\/p>\n<p>Evanjelik.sk je prepojen\u00fd s appkou do telef\u00f3nu &#8211; Iphone alebo Androidu a m\u00f4\u017ee\u0161 tak vyh\u013eada\u0165 evanjelikov priamo okolo teba &#8211; a kontaktova\u0165 ich cez appku v telef\u00f3ne, cez port\u00e1l evanjelik.sk.<\/p>\n<p>Ako na to?<\/p>\n<ul>\n<li>potrebuje\u0161 najprv appku GpsNose v mobile\n<ul>\n<li>Funguje pre <strong><a href=\"https:\/\/goo.gl\/4q4TGl\" target=\"_blank\" rel=\"noopener noreferrer\">Android<\/a><\/strong> (verzia <strong>4.1<\/strong> a viac) alebo <strong><a href=\"https:\/\/appsto.re\/ch\/yhIl1.i\" target=\"_blank\" rel=\"noopener noreferrer\">Iphone alebo IPad &#8211; iOS<\/a><\/strong> (verzia<strong> 7.1<\/strong>)<\/li>\n<\/ul>\n<\/li>\n<\/ul>\n<ul>\n<li>potom sa bu\u010f prihl\u00e1s anonymne alebo si vytvor u\u017e\u00edvate\u013esk\u00e9 meno a heslo<\/li>\n<li>Cez Appku v telef\u00f3ne naskenuj tento &#8222;QR&#8220; k\u00f3d na\u0161ej <strong>komunity evanjelik.sk<\/strong><\/li>\n<li><img loading=\"lazy\" decoding=\"async\" class=\"wp-image-33063 size-medium aligncenter\" src=\"http:\/\/e-anjelik.sk\/wp-content\/uploads\/2019\/12\/Screenshot_20191203-195407-1-300x290.png\" alt=\"\" width=\"300\" height=\"290\" \/><\/li>\n<\/ul>\n<p>(link: <a href=\"https:\/\/www.gpsnose.com\/community\/index?profileTag=%40www.evanjelik.sk#comments\">https:\/\/www.gpsnose.com\/community\/index?profileTag=%40www.evanjelik.sk<\/a><\/p>\n<ul>\n<li>Potom v appke uvid\u00ed\u0161 evanjelikov vo svojom okol\u00ed a m\u00f4\u017ee\u0161 ich oslovi\u0165 a s nimi komunikova\u0165.<\/li>\n<\/ul>\n<p>Viac info n\u00e1jde\u0161 na:<\/p>\n<p><a href=\"http:\/\/www.gpsnose.com\/\" target=\"_blank\" rel=\"noopener noreferrer\">www.gpsnose.com<\/a><\/p>\n","protected":false},"excerpt":{"rendered":"<p>Evanjelik.sk je prepojen\u00fd s appkou do telef\u00f3nu &#8211; Iphone alebo Androidu a m\u00f4\u017ee\u0161 tak vyh\u013eada\u0165 evanjelikov priamo okolo teba &#8211; a kontaktova\u0165 ich cez appku v telef\u00f3ne, cez port\u00e1l evanjelik.sk. Ako na to? potrebuje\u0161 najprv appku GpsNose v mobile Funguje pre Android (verzia 4.1 a viac) alebo Iphone alebo IPad &#8211; iOS (verzia 7.1) potom &#8230; <a title=\"N\u00e1jdi evanjelikov vo svojom okol\u00ed\" class=\"read-more\" href=\"https:\/\/www.e-anjelik.sk\/index.php\/spoznaj-evanjelikov-vo-svojom-okoli\/\" aria-label=\"Pre\u010d\u00edtajte si viac o N\u00e1jdi evanjelikov vo svojom okol\u00ed\">\u010c\u00edta\u0165 viac<\/a><\/p>\n","protected":false},"author":5,"featured_media":0,"parent":0,"menu_order":0,"comment_status":"closed","ping_status":"closed","template":"","meta":{"footnotes":""},"class_list":["post-29119","page","type-page","status-publish"],"_links":{"self":[{"href":"https:\/\/www.e-anjelik.sk\/index.php\/wp-json\/wp\/v2\/pages\/29119","targetHints":{"allow":["GET"]}}],"collection":[{"href":"https:\/\/www.e-anjelik.sk\/index.php\/wp-json\/wp\/v2\/pages"}],"about":[{"href":"https:\/\/www.e-anjelik.sk\/index.php\/wp-json\/wp\/v2\/types\/page"}],"author":[{"embeddable":true,"href":"https:\/\/www.e-anjelik.sk\/index.php\/wp-json\/wp\/v2\/users\/5"}],"replies":[{"embeddable":true,"href":"https:\/\/www.e-anjelik.sk\/index.php\/wp-json\/wp\/v2\/comments?post=29119"}],"version-history":[{"count":7,"href":"https:\/\/www.e-anjelik.sk\/index.php\/wp-json\/wp\/v2\/pages\/29119\/revisions"}],"predecessor-version":[{"id":33457,"href":"https:\/\/www.e-anjelik.sk\/index.php\/wp-json\/wp\/v2\/pages\/29119\/revisions\/33457"}],"wp:attachment":[{"href":"https:\/\/www.e-anjelik.sk\/index.php\/wp-json\/wp\/v2\/media?parent=29119"}],"curies":[{"name":"wp","href":"https:\/\/api.w.org\/{rel}","templated":true}]}}